{"id":5102,"date":"2021-11-24T12:55:50","date_gmt":"2021-11-24T12:55:50","guid":{"rendered":"https:\/\/jumplyscaffolding.com\/?page_id=5102"},"modified":"2025-08-05T05:21:37","modified_gmt":"2025-08-05T05:21:37","slug":"%e5%ba%94%e7%94%a8","status":"publish","type":"page","link":"https:\/\/jumplyscaffolding.com\/zh\/application\/","title":{"rendered":"\u5e94\u7528"},"content":{"rendered":"<div data-elementor-type=\"wp-page\" data-elementor-id=\"5102\" class=\"elementor elementor-5102\" data-elementor-post-type=\"page\">\n\t\t\t\t\t\t<section class=\"elementor-section elementor-top-section elementor-element elementor-element-7b8c31f elementor-section-boxed elementor-section-height-default elementor-section-height-default\" data-id=\"7b8c31f\" data-element_type=\"section\" data-e-type=\"section\">\n\t\t\t\t\t\t<div class=\"elementor-container elementor-column-gap-default\">\n\t\t\t\t\t<div class=\"elementor-column elementor-col-100 elementor-top-column elementor-element elementor-element-741e7df\" data-id=\"741e7df\" data-element_type=\"column\" data-e-type=\"column\">\n\t\t\t<div class=\"elementor-widget-wrap elementor-element-populated\">\n\t\t\t\t\t\t<div class=\"elementor-element elementor-element-2a8afc4 elementor-widget elementor-widget-heading\" data-id=\"2a8afc4\" data-element_type=\"widget\" data-e-type=\"widget\" data-widget_type=\"heading.default\">\n\t\t\t\t<div class=\"elementor-widget-container\">\n\t\t\t\t\t<h1 class=\"elementor-heading-title elementor-size-default\">\u5e94\u7528<\/h1>\t\t\t\t<\/div>\n\t\t\t\t<\/div>\n\t\t\t\t\t<\/div>\n\t\t<\/div>\n\t\t\t\t\t<\/div>\n\t\t<\/section>\n\t\t\t\t<section class=\"elementor-section elementor-top-section elementor-element elementor-element-6c253e6 elementor-section-boxed elementor-section-height-default elementor-section-height-default\" data-id=\"6c253e6\" data-element_type=\"section\" data-e-type=\"section\">\n\t\t\t\t\t\t<div class=\"elementor-container elementor-column-gap-default\">\n\t\t\t\t\t<div class=\"elementor-column elementor-col-100 elementor-top-column elementor-element elementor-element-e630f94\" data-id=\"e630f94\" data-element_type=\"column\" data-e-type=\"column\">\n\t\t\t<div class=\"elementor-widget-wrap elementor-element-populated\">\n\t\t\t\t\t\t<div class=\"elementor-element elementor-element-a83e104 elementor-grid-3 elementor-grid-tablet-2 elementor-grid-mobile-1 elementor-posts--thumbnail-top elementor-widget elementor-widget-posts\" data-id=\"a83e104\" data-element_type=\"widget\" data-e-type=\"widget\" data-settings=\"{&quot;classic_columns&quot;:&quot;3&quot;,&quot;classic_columns_tablet&quot;:&quot;2&quot;,&quot;classic_columns_mobile&quot;:&quot;1&quot;,&quot;classic_row_gap&quot;:{&quot;unit&quot;:&quot;px&quot;,&quot;size&quot;:35,&quot;sizes&quot;:[]},&quot;classic_row_gap_tablet&quot;:{&quot;unit&quot;:&quot;px&quot;,&quot;size&quot;:&quot;&quot;,&quot;sizes&quot;:[]},&quot;classic_row_gap_mobile&quot;:{&quot;unit&quot;:&quot;px&quot;,&quot;size&quot;:&quot;&quot;,&quot;sizes&quot;:[]}}\" data-widget_type=\"posts.classic\">\n\t\t\t\t<div class=\"elementor-widget-container\">\n\t\t\t\t\t\t\t<div class=\"elementor-posts-container elementor-posts elementor-posts--skin-classic elementor-grid\" role=\"list\">\n\t\t\t\t<article class=\"elementor-post elementor-grid-item post-8012 post type-post status-publish format-standard has-post-thumbnail hentry category-uncategorized\" role=\"listitem\">\n\t\t\t\t<a class=\"elementor-post__thumbnail__link\" href=\"https:\/\/jumplyscaffolding.com\/zh\/difference-between-ringlock-scaffolding-system-and-tubular-scaffolding-system\/\" tabindex=\"-1\" >\n\t\t\t<div class=\"elementor-post__thumbnail\"><img decoding=\"async\" width=\"1\" height=\"1\" src=\"https:\/\/jumplyscaffolding.com\/wp-content\/uploads\/2022\/03\/ringlock-scaffold-stand.jpg\" class=\"attachment-medium size-medium wp-image-5750\" alt=\"ringlock scaffold stand\" \/><\/div>\n\t\t<\/a>\n\t\t\t\t<div class=\"elementor-post__text\">\n\t\t\t\t<h3 class=\"elementor-post__title\">\n\t\t\t<a href=\"https:\/\/jumplyscaffolding.com\/zh\/difference-between-ringlock-scaffolding-system-and-tubular-scaffolding-system\/\" >\n\t\t\t\tWhat&#8217;s the Difference Between Ringlock Scaffolding System and Tubular Scaffolding System?\t\t\t<\/a>\n\t\t<\/h3>\n\t\t\t\t<div class=\"elementor-post__excerpt\">\n\t\t\t<p>What&#8217;s the Difference Between Ringlock Scaffolding System and Tubular Scaffolding System? Facing the challenge of choosing the right scaffolding system for your project? With so<\/p>\n\t\t<\/div>\n\t\t\n\t\t<a class=\"elementor-post__read-more\" href=\"https:\/\/jumplyscaffolding.com\/zh\/difference-between-ringlock-scaffolding-system-and-tubular-scaffolding-system\/\" aria-label=\"Read more about What&#8217;s the Difference Between Ringlock Scaffolding System and Tubular Scaffolding System?\" tabindex=\"-1\" >\n\t\t\t\u9605\u8bfb\u66f4\u591a \u201d\t\t<\/a>\n\n\t\t\t\t<\/div>\n\t\t\t\t<\/article>\n\t\t\t\t<article class=\"elementor-post elementor-grid-item post-8590 post type-post status-publish format-standard hentry category-uncategorized\" role=\"listitem\">\n\t\t\t\t<div class=\"elementor-post__text\">\n\t\t\t\t<h3 class=\"elementor-post__title\">\n\t\t\t<a href=\"https:\/\/jumplyscaffolding.com\/zh\/republica-moldova-interzice-serviciile-de-criptomonede-incepand-cu-1-iulie-2023\/\" >\n\t\t\t\tRepublica Moldova interzice serviciile de criptomonede \u00eencep\u00e2nd cu 1 iulie 2023\t\t\t<\/a>\n\t\t<\/h3>\n\t\t\t\t<div class=\"elementor-post__excerpt\">\n\t\t\t<p>Content Reglementarea criptomonedelor \u00een Moldova Moneda virtual\u0103 \u0219i riscuri asociate V\u00e2nz\u0103torul \u0219i cump\u0103r\u0103torul declar\u0103 la notar c\u0103 tranzac\u021bia se face cu achit\u0103ri \u00een numerar (pentru<\/p>\n\t\t<\/div>\n\t\t\n\t\t<a class=\"elementor-post__read-more\" href=\"https:\/\/jumplyscaffolding.com\/zh\/republica-moldova-interzice-serviciile-de-criptomonede-incepand-cu-1-iulie-2023\/\" aria-label=\"Read more about Republica Moldova interzice serviciile de criptomonede \u00eencep\u00e2nd cu 1 iulie 2023\" tabindex=\"-1\" >\n\t\t\t\u9605\u8bfb\u66f4\u591a \u201d\t\t<\/a>\n\n\t\t\t\t<\/div>\n\t\t\t\t<\/article>\n\t\t\t\t<article class=\"elementor-post elementor-grid-item post-6607 post type-post status-publish format-standard has-post-thumbnail hentry category-uncategorized\" role=\"listitem\">\n\t\t\t\t<a class=\"elementor-post__thumbnail__link\" href=\"https:\/\/jumplyscaffolding.com\/zh\/rolling-scaffolds-enhancing-efficiency-and-safety-in-construction\/\" tabindex=\"-1\" >\n\t\t\t<div class=\"elementor-post__thumbnail\"><img fetchpriority=\"high\" decoding=\"async\" width=\"300\" height=\"300\" src=\"https:\/\/jumplyscaffolding.com\/wp-content\/uploads\/2023\/06\/RFT20-2-300x300.jpg\" class=\"attachment-medium size-medium wp-image-6610\" alt=\"\u6eda\u52a8\u811a\u624b\u67b6\" srcset=\"https:\/\/jumplyscaffolding.com\/wp-content\/uploads\/2023\/06\/RFT20-2-300x300.jpg 300w, https:\/\/jumplyscaffolding.com\/wp-content\/uploads\/2023\/06\/RFT20-2-80x80.jpg 80w, https:\/\/jumplyscaffolding.com\/wp-content\/uploads\/2023\/06\/RFT20-2-12x12.jpg 12w, https:\/\/jumplyscaffolding.com\/wp-content\/uploads\/2023\/06\/RFT20-2-100x100.jpg 100w, https:\/\/jumplyscaffolding.com\/wp-content\/uploads\/2023\/06\/RFT20-2.jpg 500w\" sizes=\"(max-width: 300px) 100vw, 300px\" \/><\/div>\n\t\t<\/a>\n\t\t\t\t<div class=\"elementor-post__text\">\n\t\t\t\t<h3 class=\"elementor-post__title\">\n\t\t\t<a href=\"https:\/\/jumplyscaffolding.com\/zh\/rolling-scaffolds-enhancing-efficiency-and-safety-in-construction\/\" >\n\t\t\t\t\u6eda\u52a8\u811a\u624b\u67b6\uff1a\u63d0\u9ad8\u65bd\u5de5\u6548\u7387\u548c\u5b89\u5168\u6027\t\t\t<\/a>\n\t\t<\/h3>\n\t\t\t\t<div class=\"elementor-post__excerpt\">\n\t\t\t<p>\u6eda\u52a8\u811a\u624b\u67b6\uff1a\u63d0\u9ad8\u65bd\u5de5\u6548\u7387\u548c\u5b89\u5168\u6027 \u7b80\u4ecb \u5728\u4e0d\u65ad\u53d1\u5c55\u7684\u65bd\u5de5\u9886\u57df\uff0c\u5728\u6548\u7387\u548c\u5b89\u5168\u6027\u4e4b\u95f4\u53d6\u5f97\u5e73\u8861\u662f\u5173\u952e\u3002\u64ad\u653e<\/p>\n\t\t<\/div>\n\t\t\n\t\t<a class=\"elementor-post__read-more\" href=\"https:\/\/jumplyscaffolding.com\/zh\/rolling-scaffolds-enhancing-efficiency-and-safety-in-construction\/\" aria-label=\"\u9605\u8bfb\u6709\u5173\u6eda\u52a8\u811a\u624b\u67b6\u7684\u66f4\u591a\u4fe1\u606f\uff1a\u63d0\u9ad8\u65bd\u5de5\u6548\u7387\u548c\u5b89\u5168\u6027\" tabindex=\"-1\" >\n\t\t\t\u9605\u8bfb\u66f4\u591a \u201d\t\t<\/a>\n\n\t\t\t\t<\/div>\n\t\t\t\t<\/article>\n\t\t\t\t<article class=\"elementor-post elementor-grid-item post-6599 post type-post status-publish format-standard has-post-thumbnail hentry category-uncategorized\" role=\"listitem\">\n\t\t\t\t<a class=\"elementor-post__thumbnail__link\" href=\"https:\/\/jumplyscaffolding.com\/zh\/what-is-the-synergy-between-shoring-posts-and-formwork-in-construction\/\" tabindex=\"-1\" >\n\t\t\t<div class=\"elementor-post__thumbnail\"><img decoding=\"async\" width=\"300\" height=\"225\" src=\"https:\/\/jumplyscaffolding.com\/wp-content\/uploads\/2023\/06\/scaffolding-project-9-300x225.jpg\" class=\"attachment-medium size-medium wp-image-6603\" alt=\"\u811a\u624b\u67b6\u5de5\u7a0b (9)\" srcset=\"https:\/\/jumplyscaffolding.com\/wp-content\/uploads\/2023\/06\/scaffolding-project-9-300x225.jpg 300w, https:\/\/jumplyscaffolding.com\/wp-content\/uploads\/2023\/06\/scaffolding-project-9-1030x773.jpg 1030w, https:\/\/jumplyscaffolding.com\/wp-content\/uploads\/2023\/06\/scaffolding-project-9-768x576.jpg 768w, https:\/\/jumplyscaffolding.com\/wp-content\/uploads\/2023\/06\/scaffolding-project-9-1536x1152.jpg 1536w, https:\/\/jumplyscaffolding.com\/wp-content\/uploads\/2023\/06\/scaffolding-project-9-2048x1536.jpg 2048w, https:\/\/jumplyscaffolding.com\/wp-content\/uploads\/2023\/06\/scaffolding-project-9-16x12.jpg 16w, https:\/\/jumplyscaffolding.com\/wp-content\/uploads\/2023\/06\/scaffolding-project-9-600x450.jpg 600w\" sizes=\"(max-width: 300px) 100vw, 300px\" \/><\/div>\n\t\t<\/a>\n\t\t\t\t<div class=\"elementor-post__text\">\n\t\t\t\t<h3 class=\"elementor-post__title\">\n\t\t\t<a href=\"https:\/\/jumplyscaffolding.com\/zh\/what-is-the-synergy-between-shoring-posts-and-formwork-in-construction\/\" >\n\t\t\t\t\u652f\u6491\u67f1\u548c\u6a21\u677f\u5728\u65bd\u5de5\u4e2d\u7684\u534f\u540c\u4f5c\u7528\u662f\u4ec0\u4e48\uff1f\t\t\t<\/a>\n\t\t<\/h3>\n\t\t\t\t<div class=\"elementor-post__excerpt\">\n\t\t\t<p>\u60a8\u662f\u5426\u719f\u6089\u811a\u624b\u67b6\u3001\u652f\u67f1\u548c\u6a21\u677f\u5728\u5efa\u7b51\u9879\u76ee\u4e2d\u7684\u6574\u4f53\u4f5c\u7528\uff1f\u60a8\u662f\u5426\u60f3\u77e5\u9053\u652f\u6491\u67f1\u548c\u6a21\u677f\u5982\u4f55\u53d1\u6325\u4f5c\u7528<\/p>\n\t\t<\/div>\n\t\t\n\t\t<a class=\"elementor-post__read-more\" href=\"https:\/\/jumplyscaffolding.com\/zh\/what-is-the-synergy-between-shoring-posts-and-formwork-in-construction\/\" aria-label=\"\u9605\u8bfb\u66f4\u591a\u5173\u4e8e\u5efa\u7b51\u4e2d\u652f\u6491\u67f1\u548c\u6a21\u677f\u4e4b\u95f4\u7684\u534f\u540c\u4f5c\u7528\u662f\u4ec0\u4e48\uff1f\" tabindex=\"-1\" >\n\t\t\t\u9605\u8bfb\u66f4\u591a \u201d\t\t<\/a>\n\n\t\t\t\t<\/div>\n\t\t\t\t<\/article>\n\t\t\t\t<article class=\"elementor-post elementor-grid-item post-6591 post type-post status-publish format-standard has-post-thumbnail hentry category-uncategorized\" role=\"listitem\">\n\t\t\t\t<a class=\"elementor-post__thumbnail__link\" href=\"https:\/\/jumplyscaffolding.com\/zh\/how-to-source-scaffolding-from-china\/\" tabindex=\"-1\" >\n\t\t\t<div class=\"elementor-post__thumbnail\"><img loading=\"lazy\" decoding=\"async\" width=\"300\" height=\"200\" src=\"https:\/\/jumplyscaffolding.com\/wp-content\/uploads\/2022\/11\/\u5c06\u6d3e\u6a21\u67b6-\u95e8\u5934-1-300x200.jpg\" class=\"attachment-medium size-medium wp-image-6005\" alt=\"Jumply Scaffolding Factory\" srcset=\"https:\/\/jumplyscaffolding.com\/wp-content\/uploads\/2022\/11\/\u5c06\u6d3e\u6a21\u67b6-\u95e8\u5934-1-300x200.jpg 300w, https:\/\/jumplyscaffolding.com\/wp-content\/uploads\/2022\/11\/\u5c06\u6d3e\u6a21\u67b6-\u95e8\u5934-1-1030x687.jpg 1030w, https:\/\/jumplyscaffolding.com\/wp-content\/uploads\/2022\/11\/\u5c06\u6d3e\u6a21\u67b6-\u95e8\u5934-1-768x512.jpg 768w, https:\/\/jumplyscaffolding.com\/wp-content\/uploads\/2022\/11\/\u5c06\u6d3e\u6a21\u67b6-\u95e8\u5934-1-1536x1024.jpg 1536w, https:\/\/jumplyscaffolding.com\/wp-content\/uploads\/2022\/11\/\u5c06\u6d3e\u6a21\u67b6-\u95e8\u5934-1-2048x1365.jpg 2048w, https:\/\/jumplyscaffolding.com\/wp-content\/uploads\/2022\/11\/\u5c06\u6d3e\u6a21\u67b6-\u95e8\u5934-1-18x12.jpg 18w, https:\/\/jumplyscaffolding.com\/wp-content\/uploads\/2022\/11\/\u5c06\u6d3e\u6a21\u67b6-\u95e8\u5934-1-600x400.jpg 600w\" sizes=\"(max-width: 300px) 100vw, 300px\" \/><\/div>\n\t\t<\/a>\n\t\t\t\t<div class=\"elementor-post__text\">\n\t\t\t\t<h3 class=\"elementor-post__title\">\n\t\t\t<a href=\"https:\/\/jumplyscaffolding.com\/zh\/how-to-source-scaffolding-from-china\/\" >\n\t\t\t\t\u5982\u4f55\u4ece\u4e2d\u56fd\u91c7\u8d2d\u811a\u624b\u67b6\uff1f\t\t\t<\/a>\n\t\t<\/h3>\n\t\t\t\t<div class=\"elementor-post__excerpt\">\n\t\t\t<p>\u60a8\u662f\u5efa\u7b51\u627f\u5305\u5546\u3001\u811a\u624b\u67b6\u79df\u8d41\u516c\u53f8\uff0c\u8fd8\u662f\u6b63\u5728\u5bfb\u627e\u53ef\u9760\u4f18\u8d28\u811a\u624b\u67b6\u7684\u5efa\u7b51\u6750\u6599\u4f9b\u5e94\u5546\uff1f\u4f60\u6709\u6ca1\u6709\u60f3\u8fc7<\/p>\n\t\t<\/div>\n\t\t\n\t\t<a class=\"elementor-post__read-more\" href=\"https:\/\/jumplyscaffolding.com\/zh\/how-to-source-scaffolding-from-china\/\" aria-label=\"\u9605\u8bfb\u66f4\u591a\u5173\u4e8e\u5982\u4f55\u4ece\u4e2d\u56fd\u91c7\u8d2d\u811a\u624b\u67b6\uff1f\" tabindex=\"-1\" >\n\t\t\t\u9605\u8bfb\u66f4\u591a \u201d\t\t<\/a>\n\n\t\t\t\t<\/div>\n\t\t\t\t<\/article>\n\t\t\t\t<article class=\"elementor-post elementor-grid-item post-6586 post type-post status-publish format-standard has-post-thumbnail hentry category-uncategorized\" role=\"listitem\">\n\t\t\t\t<a class=\"elementor-post__thumbnail__link\" href=\"https:\/\/jumplyscaffolding.com\/zh\/scaffolding-training-courses-elevate-your-skills-and-safety\/\" tabindex=\"-1\" >\n\t\t\t<div class=\"elementor-post__thumbnail\"><img loading=\"lazy\" decoding=\"async\" width=\"300\" height=\"200\" src=\"https:\/\/jumplyscaffolding.com\/wp-content\/uploads\/2022\/03\/new1-2-300x200.jpg\" class=\"attachment-medium size-medium wp-image-5844\" alt=\"\u65b01 2\" srcset=\"https:\/\/jumplyscaffolding.com\/wp-content\/uploads\/2022\/03\/new1-2-300x200.jpg 300w, https:\/\/jumplyscaffolding.com\/wp-content\/uploads\/2022\/03\/new1-2-18x12.jpg 18w, https:\/\/jumplyscaffolding.com\/wp-content\/uploads\/2022\/03\/new1-2-600x399.jpg 600w, https:\/\/jumplyscaffolding.com\/wp-content\/uploads\/2022\/03\/new1-2.jpg 700w\" sizes=\"(max-width: 300px) 100vw, 300px\" \/><\/div>\n\t\t<\/a>\n\t\t\t\t<div class=\"elementor-post__text\">\n\t\t\t\t<h3 class=\"elementor-post__title\">\n\t\t\t<a href=\"https:\/\/jumplyscaffolding.com\/zh\/scaffolding-training-courses-elevate-your-skills-and-safety\/\" >\n\t\t\t\t\u811a\u624b\u67b6\u57f9\u8bad\u8bfe\u7a0b\uff1a\u63d0\u5347\u60a8\u7684\u6280\u80fd\u548c\u5b89\u5168\t\t\t<\/a>\n\t\t<\/h3>\n\t\t\t\t<div class=\"elementor-post__excerpt\">\n\t\t\t<p>\u811a\u624b\u67b6\u57f9\u8bad\u8bfe\u7a0b\uff1a\u63d0\u5347\u60a8\u7684\u6280\u80fd\u548c\u5b89\u5168\u6027 \u7b80\u4ecb \u5728\u7e41\u5fd9\u7684\u5efa\u7b51\u4e16\u754c\u4e2d\uff0c\u5b89\u5168\u4e0d\u4ec5\u662f\u9996\u8981\u4efb\u52a1\uff0c\u800c\u4e14\u662f\u5fc5\u4e0d\u53ef\u5c11\u7684\u3002\u4e00<\/p>\n\t\t<\/div>\n\t\t\n\t\t<a class=\"elementor-post__read-more\" href=\"https:\/\/jumplyscaffolding.com\/zh\/scaffolding-training-courses-elevate-your-skills-and-safety\/\" aria-label=\"\u9605\u8bfb\u6709\u5173\u811a\u624b\u67b6\u57f9\u8bad\u8bfe\u7a0b\u7684\u66f4\u591a\u4fe1\u606f\uff1a\u63d0\u9ad8\u60a8\u7684\u6280\u80fd\u548c\u5b89\u5168\u6027\" tabindex=\"-1\" >\n\t\t\t\u9605\u8bfb\u66f4\u591a \u201d\t\t<\/a>\n\n\t\t\t\t<\/div>\n\t\t\t\t<\/article>\n\t\t\t\t<\/div>\n\t\t\n\t\t\t\t\t\t<\/div>\n\t\t\t\t<\/div>\n\t\t\t\t\t<\/div>\n\t\t<\/div>\n\t\t\t\t\t<\/div>\n\t\t<\/section>\n\t\t\t\t<\/div>","protected":false},"excerpt":{"rendered":"<p>\u5e94\u7528<\/p>","protected":false},"author":1,"featured_media":0,"parent":0,"menu_order":0,"comment_status":"closed","ping_status":"closed","template":"","meta":{"_seopress_robots_primary_cat":"","_seopress_titles_title":"","_seopress_titles_desc":"","_seopress_robots_index":"","site-sidebar-layout":"no-sidebar","site-content-layout":"page-builder","ast-site-content-layout":"default","site-content-style":"default","site-sidebar-style":"default","ast-global-header-display":"","ast-banner-title-visibility":"","ast-main-header-display":"","ast-hfb-above-header-display":"","ast-hfb-below-header-display":"","ast-hfb-mobile-header-display":"","site-post-title":"disabled","ast-breadcrumbs-content":"","ast-featured-img":"disabled","footer-sml-layout":"","ast-disable-related-posts":"","theme-transparent-header-meta":"","adv-header-id-meta":"","stick-header-meta":"","header-above-stick-meta":"","header-main-stick-meta":"","header-below-stick-meta":"","astra-migrate-meta-layouts":"default","ast-page-background-enabled":"default","ast-page-background-meta":{"desktop":{"background-color":"","background-image":"","background-repeat":"repeat","background-position":"center center","background-size":"auto","background-attachment":"scroll","background-type":"","background-media":"","overlay-type":"","overlay-color":"","overlay-opacity":"","overlay-gradient":""},"tablet":{"background-color":"","background-image":"","background-repeat":"repeat","background-position":"center center","background-size":"auto","background-attachment":"scroll","background-type":"","background-media":"","overlay-type":"","overlay-color":"","overlay-opacity":"","overlay-gradient":""},"mobile":{"background-color":"","background-image":"","background-repeat":"repeat","background-position":"center center","background-size":"auto","background-attachment":"scroll","background-type":"","background-media":"","overlay-type":"","overlay-color":"","overlay-opacity":"","overlay-gradient":""}},"ast-content-background-meta":{"desktop":{"background-color":"var(--ast-global-color-5)","background-image":"","background-repeat":"repeat","background-position":"center center","background-size":"auto","background-attachment":"scroll","background-type":"","background-media":"","overlay-type":"","overlay-color":"","overlay-opacity":"","overlay-gradient":""},"tablet":{"background-color":"var(--ast-global-color-5)","background-image":"","background-repeat":"repeat","background-position":"center center","background-size":"auto","background-attachment":"scroll","background-type":"","background-media":"","overlay-type":"","overlay-color":"","overlay-opacity":"","overlay-gradient":""},"mobile":{"background-color":"var(--ast-global-color-5)","background-image":"","background-repeat":"repeat","background-position":"center center","background-size":"auto","background-attachment":"scroll","background-type":"","background-media":"","overlay-type":"","overlay-color":"","overlay-opacity":"","overlay-gradient":""}},"footnotes":""},"class_list":["post-5102","page","type-page","status-publish","hentry"],"_links":{"self":[{"href":"https:\/\/jumplyscaffolding.com\/zh\/wp-json\/wp\/v2\/pages\/5102","targetHints":{"allow":["GET"]}}],"collection":[{"href":"https:\/\/jumplyscaffolding.com\/zh\/wp-json\/wp\/v2\/pages"}],"about":[{"href":"https:\/\/jumplyscaffolding.com\/zh\/wp-json\/wp\/v2\/types\/page"}],"author":[{"embeddable":true,"href":"https:\/\/jumplyscaffolding.com\/zh\/wp-json\/wp\/v2\/users\/1"}],"replies":[{"embeddable":true,"href":"https:\/\/jumplyscaffolding.com\/zh\/wp-json\/wp\/v2\/comments?post=5102"}],"version-history":[{"count":0,"href":"https:\/\/jumplyscaffolding.com\/zh\/wp-json\/wp\/v2\/pages\/5102\/revisions"}],"wp:attachment":[{"href":"https:\/\/jumplyscaffolding.com\/zh\/wp-json\/wp\/v2\/media?parent=5102"}],"curies":[{"name":"wp","href":"https:\/\/api.w.org\/{rel}","templated":true}]}}