{"id":5102,"date":"2021-11-24T12:55:50","date_gmt":"2021-11-24T12:55:50","guid":{"rendered":"https:\/\/jumplyscaffolding.com\/?page_id=5102"},"modified":"2025-08-05T05:21:37","modified_gmt":"2025-08-05T05:21:37","slug":"aplicativo","status":"publish","type":"page","link":"https:\/\/jumplyscaffolding.com\/pt\/application\/","title":{"rendered":"Aplicativo"},"content":{"rendered":"<div data-elementor-type=\"wp-page\" data-elementor-id=\"5102\" class=\"elementor elementor-5102\" data-elementor-post-type=\"page\">\n\t\t\t\t\t\t<section class=\"elementor-section elementor-top-section elementor-element elementor-element-7b8c31f elementor-section-boxed elementor-section-height-default elementor-section-height-default\" data-id=\"7b8c31f\" data-element_type=\"section\" data-e-type=\"section\">\n\t\t\t\t\t\t<div class=\"elementor-container elementor-column-gap-default\">\n\t\t\t\t\t<div class=\"elementor-column elementor-col-100 elementor-top-column elementor-element elementor-element-741e7df\" data-id=\"741e7df\" data-element_type=\"column\" data-e-type=\"column\">\n\t\t\t<div class=\"elementor-widget-wrap elementor-element-populated\">\n\t\t\t\t\t\t<div class=\"elementor-element elementor-element-2a8afc4 elementor-widget elementor-widget-heading\" data-id=\"2a8afc4\" data-element_type=\"widget\" data-e-type=\"widget\" data-widget_type=\"heading.default\">\n\t\t\t\t<div class=\"elementor-widget-container\">\n\t\t\t\t\t<h1 class=\"elementor-heading-title elementor-size-default\">Formul\u00e1rios<\/h1>\t\t\t\t<\/div>\n\t\t\t\t<\/div>\n\t\t\t\t\t<\/div>\n\t\t<\/div>\n\t\t\t\t\t<\/div>\n\t\t<\/section>\n\t\t\t\t<section class=\"elementor-section elementor-top-section elementor-element elementor-element-6c253e6 elementor-section-boxed elementor-section-height-default elementor-section-height-default\" data-id=\"6c253e6\" data-element_type=\"section\" data-e-type=\"section\">\n\t\t\t\t\t\t<div class=\"elementor-container elementor-column-gap-default\">\n\t\t\t\t\t<div class=\"elementor-column elementor-col-100 elementor-top-column elementor-element elementor-element-e630f94\" data-id=\"e630f94\" data-element_type=\"column\" data-e-type=\"column\">\n\t\t\t<div class=\"elementor-widget-wrap elementor-element-populated\">\n\t\t\t\t\t\t<div class=\"elementor-element elementor-element-a83e104 elementor-grid-3 elementor-grid-tablet-2 elementor-grid-mobile-1 elementor-posts--thumbnail-top elementor-widget elementor-widget-posts\" data-id=\"a83e104\" data-element_type=\"widget\" data-e-type=\"widget\" data-settings=\"{&quot;classic_columns&quot;:&quot;3&quot;,&quot;classic_columns_tablet&quot;:&quot;2&quot;,&quot;classic_columns_mobile&quot;:&quot;1&quot;,&quot;classic_row_gap&quot;:{&quot;unit&quot;:&quot;px&quot;,&quot;size&quot;:35,&quot;sizes&quot;:[]},&quot;classic_row_gap_tablet&quot;:{&quot;unit&quot;:&quot;px&quot;,&quot;size&quot;:&quot;&quot;,&quot;sizes&quot;:[]},&quot;classic_row_gap_mobile&quot;:{&quot;unit&quot;:&quot;px&quot;,&quot;size&quot;:&quot;&quot;,&quot;sizes&quot;:[]}}\" data-widget_type=\"posts.classic\">\n\t\t\t\t<div class=\"elementor-widget-container\">\n\t\t\t\t\t\t\t<div class=\"elementor-posts-container elementor-posts elementor-posts--skin-classic elementor-grid\" role=\"list\">\n\t\t\t\t<article class=\"elementor-post elementor-grid-item post-8012 post type-post status-publish format-standard has-post-thumbnail hentry category-uncategorized\" role=\"listitem\">\n\t\t\t\t<a class=\"elementor-post__thumbnail__link\" href=\"https:\/\/jumplyscaffolding.com\/pt\/difference-between-ringlock-scaffolding-system-and-tubular-scaffolding-system\/\" tabindex=\"-1\" >\n\t\t\t<div class=\"elementor-post__thumbnail\"><img decoding=\"async\" width=\"1\" height=\"1\" src=\"https:\/\/jumplyscaffolding.com\/wp-content\/uploads\/2022\/03\/ringlock-scaffold-stand.jpg\" class=\"attachment-medium size-medium wp-image-5750\" alt=\"ringlock scaffold stand\" \/><\/div>\n\t\t<\/a>\n\t\t\t\t<div class=\"elementor-post__text\">\n\t\t\t\t<h3 class=\"elementor-post__title\">\n\t\t\t<a href=\"https:\/\/jumplyscaffolding.com\/pt\/difference-between-ringlock-scaffolding-system-and-tubular-scaffolding-system\/\" >\n\t\t\t\tWhat&#8217;s the Difference Between Ringlock Scaffolding System and Tubular Scaffolding System?\t\t\t<\/a>\n\t\t<\/h3>\n\t\t\t\t<div class=\"elementor-post__excerpt\">\n\t\t\t<p>What&#8217;s the Difference Between Ringlock Scaffolding System and Tubular Scaffolding System? Facing the challenge of choosing the right scaffolding system for your project? With so<\/p>\n\t\t<\/div>\n\t\t\n\t\t<a class=\"elementor-post__read-more\" href=\"https:\/\/jumplyscaffolding.com\/pt\/difference-between-ringlock-scaffolding-system-and-tubular-scaffolding-system\/\" aria-label=\"Read more about What&#8217;s the Difference Between Ringlock Scaffolding System and Tubular Scaffolding System?\" tabindex=\"-1\" >\n\t\t\tConsulte Mais informa\u00e7\u00e3o &quot;\t\t<\/a>\n\n\t\t\t\t<\/div>\n\t\t\t\t<\/article>\n\t\t\t\t<article class=\"elementor-post elementor-grid-item post-8590 post type-post status-publish format-standard hentry category-uncategorized\" role=\"listitem\">\n\t\t\t\t<div class=\"elementor-post__text\">\n\t\t\t\t<h3 class=\"elementor-post__title\">\n\t\t\t<a href=\"https:\/\/jumplyscaffolding.com\/pt\/republica-moldova-interzice-serviciile-de-criptomonede-incepand-cu-1-iulie-2023\/\" >\n\t\t\t\tRepublica Moldova interzice serviciile de criptomonede \u00eencep\u00e2nd cu 1 iulie 2023\t\t\t<\/a>\n\t\t<\/h3>\n\t\t\t\t<div class=\"elementor-post__excerpt\">\n\t\t\t<p>Content Reglementarea criptomonedelor \u00een Moldova Moneda virtual\u0103 \u0219i riscuri asociate V\u00e2nz\u0103torul \u0219i cump\u0103r\u0103torul declar\u0103 la notar c\u0103 tranzac\u021bia se face cu achit\u0103ri \u00een numerar (pentru<\/p>\n\t\t<\/div>\n\t\t\n\t\t<a class=\"elementor-post__read-more\" href=\"https:\/\/jumplyscaffolding.com\/pt\/republica-moldova-interzice-serviciile-de-criptomonede-incepand-cu-1-iulie-2023\/\" aria-label=\"Read more about Republica Moldova interzice serviciile de criptomonede \u00eencep\u00e2nd cu 1 iulie 2023\" tabindex=\"-1\" >\n\t\t\tConsulte Mais informa\u00e7\u00e3o &quot;\t\t<\/a>\n\n\t\t\t\t<\/div>\n\t\t\t\t<\/article>\n\t\t\t\t<article class=\"elementor-post elementor-grid-item post-6607 post type-post status-publish format-standard has-post-thumbnail hentry category-uncategorized\" role=\"listitem\">\n\t\t\t\t<a class=\"elementor-post__thumbnail__link\" href=\"https:\/\/jumplyscaffolding.com\/pt\/rolling-scaffolds-enhancing-efficiency-and-safety-in-construction\/\" tabindex=\"-1\" >\n\t\t\t<div class=\"elementor-post__thumbnail\"><img fetchpriority=\"high\" decoding=\"async\" width=\"300\" height=\"300\" src=\"https:\/\/jumplyscaffolding.com\/wp-content\/uploads\/2023\/06\/RFT20-2-300x300.jpg\" class=\"attachment-medium size-medium wp-image-6610\" alt=\"andaime rolante\" srcset=\"https:\/\/jumplyscaffolding.com\/wp-content\/uploads\/2023\/06\/RFT20-2-300x300.jpg 300w, https:\/\/jumplyscaffolding.com\/wp-content\/uploads\/2023\/06\/RFT20-2-80x80.jpg 80w, https:\/\/jumplyscaffolding.com\/wp-content\/uploads\/2023\/06\/RFT20-2-12x12.jpg 12w, https:\/\/jumplyscaffolding.com\/wp-content\/uploads\/2023\/06\/RFT20-2-100x100.jpg 100w, https:\/\/jumplyscaffolding.com\/wp-content\/uploads\/2023\/06\/RFT20-2.jpg 500w\" sizes=\"(max-width: 300px) 100vw, 300px\" \/><\/div>\n\t\t<\/a>\n\t\t\t\t<div class=\"elementor-post__text\">\n\t\t\t\t<h3 class=\"elementor-post__title\">\n\t\t\t<a href=\"https:\/\/jumplyscaffolding.com\/pt\/rolling-scaffolds-enhancing-efficiency-and-safety-in-construction\/\" >\n\t\t\t\tAndaimes Rolantes: Aumentando a Efici\u00eancia e a Seguran\u00e7a na Constru\u00e7\u00e3o\t\t\t<\/a>\n\t\t<\/h3>\n\t\t\t\t<div class=\"elementor-post__excerpt\">\n\t\t\t<p>Andaimes rolantes: Melhorando a efici\u00eancia e a seguran\u00e7a na constru\u00e7\u00e3o Introdu\u00e7\u00e3o No dom\u00ednio da constru\u00e7\u00e3o em constante evolu\u00e7\u00e3o, \u00e9 fundamental encontrar um equil\u00edbrio entre efici\u00eancia e seguran\u00e7a. Jogando<\/p>\n\t\t<\/div>\n\t\t\n\t\t<a class=\"elementor-post__read-more\" href=\"https:\/\/jumplyscaffolding.com\/pt\/rolling-scaffolds-enhancing-efficiency-and-safety-in-construction\/\" aria-label=\"Leia mais sobre Andaimes Rolantes: Aumentando a Efici\u00eancia e a Seguran\u00e7a na Constru\u00e7\u00e3o\" tabindex=\"-1\" >\n\t\t\tConsulte Mais informa\u00e7\u00e3o &quot;\t\t<\/a>\n\n\t\t\t\t<\/div>\n\t\t\t\t<\/article>\n\t\t\t\t<article class=\"elementor-post elementor-grid-item post-6599 post type-post status-publish format-standard has-post-thumbnail hentry category-uncategorized\" role=\"listitem\">\n\t\t\t\t<a class=\"elementor-post__thumbnail__link\" href=\"https:\/\/jumplyscaffolding.com\/pt\/what-is-the-synergy-between-shoring-posts-and-formwork-in-construction\/\" tabindex=\"-1\" >\n\t\t\t<div class=\"elementor-post__thumbnail\"><img decoding=\"async\" width=\"300\" height=\"225\" src=\"https:\/\/jumplyscaffolding.com\/wp-content\/uploads\/2023\/06\/scaffolding-project-9-300x225.jpg\" class=\"attachment-medium size-medium wp-image-6603\" alt=\"projeto de andaimes (9)\" srcset=\"https:\/\/jumplyscaffolding.com\/wp-content\/uploads\/2023\/06\/scaffolding-project-9-300x225.jpg 300w, https:\/\/jumplyscaffolding.com\/wp-content\/uploads\/2023\/06\/scaffolding-project-9-1030x773.jpg 1030w, https:\/\/jumplyscaffolding.com\/wp-content\/uploads\/2023\/06\/scaffolding-project-9-768x576.jpg 768w, https:\/\/jumplyscaffolding.com\/wp-content\/uploads\/2023\/06\/scaffolding-project-9-1536x1152.jpg 1536w, https:\/\/jumplyscaffolding.com\/wp-content\/uploads\/2023\/06\/scaffolding-project-9-2048x1536.jpg 2048w, https:\/\/jumplyscaffolding.com\/wp-content\/uploads\/2023\/06\/scaffolding-project-9-16x12.jpg 16w, https:\/\/jumplyscaffolding.com\/wp-content\/uploads\/2023\/06\/scaffolding-project-9-600x450.jpg 600w\" sizes=\"(max-width: 300px) 100vw, 300px\" \/><\/div>\n\t\t<\/a>\n\t\t\t\t<div class=\"elementor-post__text\">\n\t\t\t\t<h3 class=\"elementor-post__title\">\n\t\t\t<a href=\"https:\/\/jumplyscaffolding.com\/pt\/what-is-the-synergy-between-shoring-posts-and-formwork-in-construction\/\" >\n\t\t\t\tQual \u00e9 a sinergia entre postes de escoramento e f\u00f4rmas na constru\u00e7\u00e3o?\t\t\t<\/a>\n\t\t<\/h3>\n\t\t\t\t<div class=\"elementor-post__excerpt\">\n\t\t\t<p>Voc\u00ea est\u00e1 familiarizado com o papel integral de andaimes, postes de escoramento e f\u00f4rmas em projetos de constru\u00e7\u00e3o? Voc\u00ea j\u00e1 se perguntou como funcionam os postes de escoramento e as f\u00f4rmas?<\/p>\n\t\t<\/div>\n\t\t\n\t\t<a class=\"elementor-post__read-more\" href=\"https:\/\/jumplyscaffolding.com\/pt\/what-is-the-synergy-between-shoring-posts-and-formwork-in-construction\/\" aria-label=\"Leia mais sobre Qual \u00e9 a sinergia entre postes de escoramento e f\u00f4rmas na constru\u00e7\u00e3o?\" tabindex=\"-1\" >\n\t\t\tConsulte Mais informa\u00e7\u00e3o &quot;\t\t<\/a>\n\n\t\t\t\t<\/div>\n\t\t\t\t<\/article>\n\t\t\t\t<article class=\"elementor-post elementor-grid-item post-6591 post type-post status-publish format-standard has-post-thumbnail hentry category-uncategorized\" role=\"listitem\">\n\t\t\t\t<a class=\"elementor-post__thumbnail__link\" href=\"https:\/\/jumplyscaffolding.com\/pt\/how-to-source-scaffolding-from-china\/\" tabindex=\"-1\" >\n\t\t\t<div class=\"elementor-post__thumbnail\"><img loading=\"lazy\" decoding=\"async\" width=\"300\" height=\"200\" src=\"https:\/\/jumplyscaffolding.com\/wp-content\/uploads\/2022\/11\/\u5c06\u6d3e\u6a21\u67b6-\u95e8\u5934-1-300x200.jpg\" class=\"attachment-medium size-medium wp-image-6005\" alt=\"Jumply Scaffolding Factory\" srcset=\"https:\/\/jumplyscaffolding.com\/wp-content\/uploads\/2022\/11\/\u5c06\u6d3e\u6a21\u67b6-\u95e8\u5934-1-300x200.jpg 300w, https:\/\/jumplyscaffolding.com\/wp-content\/uploads\/2022\/11\/\u5c06\u6d3e\u6a21\u67b6-\u95e8\u5934-1-1030x687.jpg 1030w, https:\/\/jumplyscaffolding.com\/wp-content\/uploads\/2022\/11\/\u5c06\u6d3e\u6a21\u67b6-\u95e8\u5934-1-768x512.jpg 768w, https:\/\/jumplyscaffolding.com\/wp-content\/uploads\/2022\/11\/\u5c06\u6d3e\u6a21\u67b6-\u95e8\u5934-1-1536x1024.jpg 1536w, https:\/\/jumplyscaffolding.com\/wp-content\/uploads\/2022\/11\/\u5c06\u6d3e\u6a21\u67b6-\u95e8\u5934-1-2048x1365.jpg 2048w, https:\/\/jumplyscaffolding.com\/wp-content\/uploads\/2022\/11\/\u5c06\u6d3e\u6a21\u67b6-\u95e8\u5934-1-18x12.jpg 18w, https:\/\/jumplyscaffolding.com\/wp-content\/uploads\/2022\/11\/\u5c06\u6d3e\u6a21\u67b6-\u95e8\u5934-1-600x400.jpg 600w\" sizes=\"(max-width: 300px) 100vw, 300px\" \/><\/div>\n\t\t<\/a>\n\t\t\t\t<div class=\"elementor-post__text\">\n\t\t\t\t<h3 class=\"elementor-post__title\">\n\t\t\t<a href=\"https:\/\/jumplyscaffolding.com\/pt\/how-to-source-scaffolding-from-china\/\" >\n\t\t\t\tComo adquirir andaimes da China?\t\t\t<\/a>\n\t\t<\/h3>\n\t\t\t\t<div class=\"elementor-post__excerpt\">\n\t\t\t<p>Voc\u00ea \u00e9 um empreiteiro de constru\u00e7\u00e3o, uma empresa de aluguel de andaimes ou um fornecedor de materiais de constru\u00e7\u00e3o que procura andaimes confi\u00e1veis e de qualidade superior? Voc\u00ea j\u00e1 considerou<\/p>\n\t\t<\/div>\n\t\t\n\t\t<a class=\"elementor-post__read-more\" href=\"https:\/\/jumplyscaffolding.com\/pt\/how-to-source-scaffolding-from-china\/\" aria-label=\"Leia mais sobre como adquirir andaimes da China?\" tabindex=\"-1\" >\n\t\t\tConsulte Mais informa\u00e7\u00e3o &quot;\t\t<\/a>\n\n\t\t\t\t<\/div>\n\t\t\t\t<\/article>\n\t\t\t\t<article class=\"elementor-post elementor-grid-item post-6586 post type-post status-publish format-standard has-post-thumbnail hentry category-uncategorized\" role=\"listitem\">\n\t\t\t\t<a class=\"elementor-post__thumbnail__link\" href=\"https:\/\/jumplyscaffolding.com\/pt\/scaffolding-training-courses-elevate-your-skills-and-safety\/\" tabindex=\"-1\" >\n\t\t\t<div class=\"elementor-post__thumbnail\"><img loading=\"lazy\" decoding=\"async\" width=\"300\" height=\"200\" src=\"https:\/\/jumplyscaffolding.com\/wp-content\/uploads\/2022\/03\/new1-2-300x200.jpg\" class=\"attachment-medium size-medium wp-image-5844\" alt=\"novo1 2\" srcset=\"https:\/\/jumplyscaffolding.com\/wp-content\/uploads\/2022\/03\/new1-2-300x200.jpg 300w, https:\/\/jumplyscaffolding.com\/wp-content\/uploads\/2022\/03\/new1-2-18x12.jpg 18w, https:\/\/jumplyscaffolding.com\/wp-content\/uploads\/2022\/03\/new1-2-600x399.jpg 600w, https:\/\/jumplyscaffolding.com\/wp-content\/uploads\/2022\/03\/new1-2.jpg 700w\" sizes=\"(max-width: 300px) 100vw, 300px\" \/><\/div>\n\t\t<\/a>\n\t\t\t\t<div class=\"elementor-post__text\">\n\t\t\t\t<h3 class=\"elementor-post__title\">\n\t\t\t<a href=\"https:\/\/jumplyscaffolding.com\/pt\/scaffolding-training-courses-elevate-your-skills-and-safety\/\" >\n\t\t\t\tCursos de treinamento em andaimes: eleve suas habilidades e seguran\u00e7a\t\t\t<\/a>\n\t\t<\/h3>\n\t\t\t\t<div class=\"elementor-post__excerpt\">\n\t\t\t<p>Cursos de treinamento em andaimes: eleve suas habilidades e seguran\u00e7a Introdu\u00e7\u00e3o No agitado mundo da constru\u00e7\u00e3o, a seguran\u00e7a n\u00e3o \u00e9 apenas uma prioridade, \u00e9 uma necessidade. Um<\/p>\n\t\t<\/div>\n\t\t\n\t\t<a class=\"elementor-post__read-more\" href=\"https:\/\/jumplyscaffolding.com\/pt\/scaffolding-training-courses-elevate-your-skills-and-safety\/\" aria-label=\"Read more about Scaffolding Training Courses: Elevate Your Skills and Safety\" tabindex=\"-1\" >\n\t\t\tConsulte Mais informa\u00e7\u00e3o &quot;\t\t<\/a>\n\n\t\t\t\t<\/div>\n\t\t\t\t<\/article>\n\t\t\t\t<\/div>\n\t\t\n\t\t\t\t\t\t<\/div>\n\t\t\t\t<\/div>\n\t\t\t\t\t<\/div>\n\t\t<\/div>\n\t\t\t\t\t<\/div>\n\t\t<\/section>\n\t\t\t\t<\/div>","protected":false},"excerpt":{"rendered":"<p>Formul\u00e1rios<\/p>","protected":false},"author":1,"featured_media":0,"parent":0,"menu_order":0,"comment_status":"closed","ping_status":"closed","template":"","meta":{"_seopress_robots_primary_cat":"","_seopress_titles_title":"","_seopress_titles_desc":"","_seopress_robots_index":"","site-sidebar-layout":"no-sidebar","site-content-layout":"page-builder","ast-site-content-layout":"default","site-content-style":"default","site-sidebar-style":"default","ast-global-header-display":"","ast-banner-title-visibility":"","ast-main-header-display":"","ast-hfb-above-header-display":"","ast-hfb-below-header-display":"","ast-hfb-mobile-header-display":"","site-post-title":"disabled","ast-breadcrumbs-content":"","ast-featured-img":"disabled","footer-sml-layout":"","ast-disable-related-posts":"","theme-transparent-header-meta":"","adv-header-id-meta":"","stick-header-meta":"","header-above-stick-meta":"","header-main-stick-meta":"","header-below-stick-meta":"","astra-migrate-meta-layouts":"default","ast-page-background-enabled":"default","ast-page-background-meta":{"desktop":{"background-color":"","background-image":"","background-repeat":"repeat","background-position":"center center","background-size":"auto","background-attachment":"scroll","background-type":"","background-media":"","overlay-type":"","overlay-color":"","overlay-opacity":"","overlay-gradient":""},"tablet":{"background-color":"","background-image":"","background-repeat":"repeat","background-position":"center center","background-size":"auto","background-attachment":"scroll","background-type":"","background-media":"","overlay-type":"","overlay-color":"","overlay-opacity":"","overlay-gradient":""},"mobile":{"background-color":"","background-image":"","background-repeat":"repeat","background-position":"center center","background-size":"auto","background-attachment":"scroll","background-type":"","background-media":"","overlay-type":"","overlay-color":"","overlay-opacity":"","overlay-gradient":""}},"ast-content-background-meta":{"desktop":{"background-color":"var(--ast-global-color-5)","background-image":"","background-repeat":"repeat","background-position":"center center","background-size":"auto","background-attachment":"scroll","background-type":"","background-media":"","overlay-type":"","overlay-color":"","overlay-opacity":"","overlay-gradient":""},"tablet":{"background-color":"var(--ast-global-color-5)","background-image":"","background-repeat":"repeat","background-position":"center center","background-size":"auto","background-attachment":"scroll","background-type":"","background-media":"","overlay-type":"","overlay-color":"","overlay-opacity":"","overlay-gradient":""},"mobile":{"background-color":"var(--ast-global-color-5)","background-image":"","background-repeat":"repeat","background-position":"center center","background-size":"auto","background-attachment":"scroll","background-type":"","background-media":"","overlay-type":"","overlay-color":"","overlay-opacity":"","overlay-gradient":""}},"footnotes":""},"class_list":["post-5102","page","type-page","status-publish","hentry"],"_links":{"self":[{"href":"https:\/\/jumplyscaffolding.com\/pt\/wp-json\/wp\/v2\/pages\/5102","targetHints":{"allow":["GET"]}}],"collection":[{"href":"https:\/\/jumplyscaffolding.com\/pt\/wp-json\/wp\/v2\/pages"}],"about":[{"href":"https:\/\/jumplyscaffolding.com\/pt\/wp-json\/wp\/v2\/types\/page"}],"author":[{"embeddable":true,"href":"https:\/\/jumplyscaffolding.com\/pt\/wp-json\/wp\/v2\/users\/1"}],"replies":[{"embeddable":true,"href":"https:\/\/jumplyscaffolding.com\/pt\/wp-json\/wp\/v2\/comments?post=5102"}],"version-history":[{"count":0,"href":"https:\/\/jumplyscaffolding.com\/pt\/wp-json\/wp\/v2\/pages\/5102\/revisions"}],"wp:attachment":[{"href":"https:\/\/jumplyscaffolding.com\/pt\/wp-json\/wp\/v2\/media?parent=5102"}],"curies":[{"name":"wp","href":"https:\/\/api.w.org\/{rel}","templated":true}]}}