{"id":5420,"date":"2021-12-07T11:05:52","date_gmt":"2021-12-07T11:05:52","guid":{"rendered":"https:\/\/jumplyscaffolding.com\/?page_id=5420"},"modified":"2024-06-26T08:41:44","modified_gmt":"2024-06-26T08:41:44","slug":"ringlock-base-collar-2","status":"publish","type":"page","link":"https:\/\/jumplyscaffolding.com\/es\/ringlock-base-collar-2\/","title":{"rendered":"Collar base Ringlock"},"content":{"rendered":"<div data-elementor-type=\"wp-page\" data-elementor-id=\"5420\" class=\"elementor elementor-5420\" data-elementor-post-type=\"page\">\n\t\t\t\t\t\t<section class=\"elementor-section elementor-top-section elementor-element elementor-element-326470f elementor-section-boxed elementor-section-height-default elementor-section-height-default\" data-id=\"326470f\" data-element_type=\"section\" data-e-type=\"section\">\n\t\t\t\t\t\t<div class=\"elementor-container elementor-column-gap-default\">\n\t\t\t\t\t<div class=\"elementor-column elementor-col-50 elementor-top-column elementor-element elementor-element-91c9c92\" data-id=\"91c9c92\" data-element_type=\"column\" data-e-type=\"column\">\n\t\t\t<div class=\"elementor-widget-wrap elementor-element-populated\">\n\t\t\t\t\t\t<div class=\"elementor-element elementor-element-ae0aea5 elementor-widget elementor-widget-image\" data-id=\"ae0aea5\" data-element_type=\"widget\" data-e-type=\"widget\" data-widget_type=\"image.default\">\n\t\t\t\t<div class=\"elementor-widget-container\">\n\t\t\t\t\t\t\t\t\t\t\t\t\t\t\t<img fetchpriority=\"high\" decoding=\"async\" width=\"229\" height=\"229\" src=\"https:\/\/jumplyscaffolding.com\/wp-content\/uploads\/2024\/06\/ringlock-base-collar.png\" class=\"attachment-medium_large size-medium_large wp-image-7064\" alt=\"ringlock base collar\" srcset=\"https:\/\/jumplyscaffolding.com\/wp-content\/uploads\/2024\/06\/ringlock-base-collar.png 229w, https:\/\/jumplyscaffolding.com\/wp-content\/uploads\/2024\/06\/ringlock-base-collar-80x80.png 80w, https:\/\/jumplyscaffolding.com\/wp-content\/uploads\/2024\/06\/ringlock-base-collar-12x12.png 12w, https:\/\/jumplyscaffolding.com\/wp-content\/uploads\/2024\/06\/ringlock-base-collar-100x100.png 100w\" sizes=\"(max-width: 229px) 100vw, 229px\" \/>\t\t\t\t\t\t\t\t\t\t\t\t\t\t\t<\/div>\n\t\t\t\t<\/div>\n\t\t\t\t\t<\/div>\n\t\t<\/div>\n\t\t\t\t<div class=\"elementor-column elementor-col-50 elementor-top-column elementor-element elementor-element-12614f6\" data-id=\"12614f6\" data-element_type=\"column\" data-e-type=\"column\">\n\t\t\t<div class=\"elementor-widget-wrap elementor-element-populated\">\n\t\t\t\t\t\t<div class=\"elementor-element elementor-element-c6b050b elementor-widget elementor-widget-heading\" data-id=\"c6b050b\" data-element_type=\"widget\" data-e-type=\"widget\" data-widget_type=\"heading.default\">\n\t\t\t\t<div class=\"elementor-widget-container\">\n\t\t\t\t\t<h1 class=\"elementor-heading-title elementor-size-default\">Collar base Ringlock<\/h1>\t\t\t\t<\/div>\n\t\t\t\t<\/div>\n\t\t\t\t<div class=\"elementor-element elementor-element-6415432 elementor-widget elementor-widget-text-editor\" data-id=\"6415432\" data-element_type=\"widget\" data-e-type=\"widget\" data-widget_type=\"text-editor.default\">\n\t\t\t\t<div class=\"elementor-widget-container\">\n\t\t\t\t\t\t\t\t\t<p>The ringlock base collar, also known as the starter base collar or starter collar, is a crucial component of the ringlock scaffolding system.\u00a0<\/p><p>The ringlock base collar is essential for ensuring the stability and safety of a ringlock scaffolding structure, offering a solid foundation that allows modular components to align correctly.<\/p>\t\t\t\t\t\t\t\t<\/div>\n\t\t\t\t<\/div>\n\t\t\t\t<div class=\"elementor-element elementor-element-5534500 elementor-align-center elementor-widget elementor-widget-button\" data-id=\"5534500\" data-element_type=\"widget\" data-e-type=\"widget\" data-widget_type=\"button.default\">\n\t\t\t\t<div class=\"elementor-widget-container\">\n\t\t\t\t\t\t\t\t\t<div class=\"elementor-button-wrapper\">\n\t\t\t\t\t<a class=\"elementor-button elementor-button-link elementor-size-sm\" href=\"#elementor-action%3Aaction%3Dpopup%3Aopen%26settings%3DeyJpZCI6IjY5MDkiLCJ0b2dnbGUiOmZhbHNlfQ%3D%3D\">\n\t\t\t\t\t\t<span class=\"elementor-button-content-wrapper\">\n\t\t\t\t\t\t\t\t\t<span class=\"elementor-button-text\">\u00a1Obtenga una cotizaci\u00f3n ahora!<\/span>\n\t\t\t\t\t<\/span>\n\t\t\t\t\t<\/a>\n\t\t\t\t<\/div>\n\t\t\t\t\t\t\t\t<\/div>\n\t\t\t\t<\/div>\n\t\t\t\t\t<\/div>\n\t\t<\/div>\n\t\t\t\t\t<\/div>\n\t\t<\/section>\n\t\t\t\t<section class=\"elementor-section elementor-top-section elementor-element elementor-element-8d5d087 elementor-section-boxed elementor-section-height-default elementor-section-height-default\" data-id=\"8d5d087\" data-element_type=\"section\" data-e-type=\"section\">\n\t\t\t\t\t\t<div class=\"elementor-container elementor-column-gap-default\">\n\t\t\t\t\t<div class=\"elementor-column elementor-col-50 elementor-top-column elementor-element elementor-element-1c6d528\" data-id=\"1c6d528\" data-element_type=\"column\" data-e-type=\"column\">\n\t\t\t<div class=\"elementor-widget-wrap elementor-element-populated\">\n\t\t\t\t\t\t<div class=\"elementor-element elementor-element-af26642 elementor-widget elementor-widget-heading\" data-id=\"af26642\" data-element_type=\"widget\" data-e-type=\"widget\" data-widget_type=\"heading.default\">\n\t\t\t\t<div class=\"elementor-widget-container\">\n\t\t\t\t\t<h2 class=\"elementor-heading-title elementor-size-default\">The key points about the ringlock base collar:<\/h2>\t\t\t\t<\/div>\n\t\t\t\t<\/div>\n\t\t\t\t<div class=\"elementor-element elementor-element-1daa2bc elementor-widget elementor-widget-text-editor\" data-id=\"1daa2bc\" data-element_type=\"widget\" data-e-type=\"widget\" data-widget_type=\"text-editor.default\">\n\t\t\t\t<div class=\"elementor-widget-container\">\n\t\t\t\t\t\t\t\t\t<p><strong>Purpose:<\/strong> It serves as the foundation and starting point for constructing a ringlock scaffolding structure.<\/p><p><strong>Design:<\/strong> The base collar features a circular ring welded onto a tubular structure, typically with 8 connection points.<\/p><p><strong>Placement:<\/strong> It is positioned at the top of the base plate, screw jack, or swivel jack to initiate the scaffolding erection.<\/p><p><strong>Material:<\/strong> Usually made from high-strength, low-alloy structural steel.<\/p><p><strong>Surface Treatment:<\/strong> Commonly hot-dip galvanized for corrosion resistance.<\/p><p><strong>Sizes:<\/strong> Standard sizes include 240mm, 280mm, 300mm, 330mm, and 430mm, with custom sizes available.<\/p><p><strong>Weight:<\/strong> Varies by size, but standard base collars typically weigh between 1.45 kg and 2.34 kg.<\/p><p><strong>Standards:<\/strong> Manufactured to meet various standards such as EN 12810, AS1576, and ANSI.<\/p><p><strong>Function:<\/strong> Provides a level and secure base for the scaffolding, aiding in the stability of the entire structure.<\/p><p><strong>Compatibility:<\/strong> Specifically designed for ringlock scaffolding systems and not compatible with other types like cuplock or kwikstage.<\/p>\t\t\t\t\t\t\t\t<\/div>\n\t\t\t\t<\/div>\n\t\t\t\t\t<\/div>\n\t\t<\/div>\n\t\t\t\t<div class=\"elementor-column elementor-col-50 elementor-top-column elementor-element elementor-element-8db6eae\" data-id=\"8db6eae\" data-element_type=\"column\" data-e-type=\"column\">\n\t\t\t<div class=\"elementor-widget-wrap elementor-element-populated\">\n\t\t\t\t\t\t<div class=\"elementor-element elementor-element-6f7f6c3 elementor-widget elementor-widget-gallery\" data-id=\"6f7f6c3\" data-element_type=\"widget\" data-e-type=\"widget\" data-settings=\"{&quot;columns&quot;:2,&quot;gap&quot;:{&quot;unit&quot;:&quot;px&quot;,&quot;size&quot;:0,&quot;sizes&quot;:[]},&quot;aspect_ratio&quot;:&quot;1:1&quot;,&quot;lazyload&quot;:&quot;yes&quot;,&quot;gallery_layout&quot;:&quot;grid&quot;,&quot;columns_tablet&quot;:2,&quot;columns_mobile&quot;:1,&quot;gap_tablet&quot;:{&quot;unit&quot;:&quot;px&quot;,&quot;size&quot;:10,&quot;sizes&quot;:[]},&quot;gap_mobile&quot;:{&quot;unit&quot;:&quot;px&quot;,&quot;size&quot;:10,&quot;sizes&quot;:[]},&quot;link_to&quot;:&quot;file&quot;,&quot;overlay_background&quot;:&quot;yes&quot;,&quot;content_hover_animation&quot;:&quot;fade-in&quot;}\" data-widget_type=\"gallery.default\">\n\t\t\t\t<div class=\"elementor-widget-container\">\n\t\t\t\t\t\t\t<div class=\"elementor-gallery__container\">\n\t\t\t\t\t\t\t<a class=\"e-gallery-item elementor-gallery-item elementor-animated-content\" href=\"https:\/\/jumplyscaffolding.com\/wp-content\/uploads\/2024\/06\/base-collper-scaled.jpg\" data-elementor-open-lightbox=\"yes\" data-elementor-lightbox-slideshow=\"6f7f6c3\" data-elementor-lightbox-title=\"base collar\" data-e-action-hash=\"#elementor-action%3Aaction%3Dlightbox%26settings%3DeyJpZCI6NzA3MiwidXJsIjoiaHR0cHM6XC9cL2p1bXBseXNjYWZmb2xkaW5nLmNvbVwvd3AtY29udGVudFwvdXBsb2Fkc1wvMjAyNFwvMDZcL2Jhc2UtY29sbHBlci1zY2FsZWQuanBnIiwic2xpZGVzaG93IjoiNmY3ZjZjMyJ9\">\n\t\t\t\t\t<div class=\"e-gallery-image elementor-gallery-item__image\" data-thumbnail=\"https:\/\/jumplyscaffolding.com\/wp-content\/uploads\/2024\/06\/base-collper-300x200.jpg\" data-width=\"300\" data-height=\"200\" aria-label=\"base collar\" role=\"img\" ><\/div>\n\t\t\t\t\t\t\t\t\t\t\t<div class=\"elementor-gallery-item__overlay\"><\/div>\n\t\t\t\t\t\t\t\t\t\t\t\t\t\t<\/a>\n\t\t\t\t\t\t\t<a class=\"e-gallery-item elementor-gallery-item elementor-animated-content\" href=\"https:\/\/jumplyscaffolding.com\/wp-content\/uploads\/2024\/06\/ringlock-base-collar-china-scaled.jpg\" data-elementor-open-lightbox=\"yes\" data-elementor-lightbox-slideshow=\"6f7f6c3\" data-elementor-lightbox-title=\"ringlock base collar china\" data-e-action-hash=\"#elementor-action%3Aaction%3Dlightbox%26settings%3DeyJpZCI6NzA3MSwidXJsIjoiaHR0cHM6XC9cL2p1bXBseXNjYWZmb2xkaW5nLmNvbVwvd3AtY29udGVudFwvdXBsb2Fkc1wvMjAyNFwvMDZcL3Jpbmdsb2NrLWJhc2UtY29sbGFyLWNoaW5hLXNjYWxlZC5qcGciLCJzbGlkZXNob3ciOiI2ZjdmNmMzIn0%3D\">\n\t\t\t\t\t<div class=\"e-gallery-image elementor-gallery-item__image\" data-thumbnail=\"https:\/\/jumplyscaffolding.com\/wp-content\/uploads\/2024\/06\/ringlock-base-collar-china-300x200.jpg\" data-width=\"300\" data-height=\"200\" aria-label=\"ringlock base collar china\" role=\"img\" ><\/div>\n\t\t\t\t\t\t\t\t\t\t\t<div class=\"elementor-gallery-item__overlay\"><\/div>\n\t\t\t\t\t\t\t\t\t\t\t\t\t\t<\/a>\n\t\t\t\t\t\t\t<a class=\"e-gallery-item elementor-gallery-item elementor-animated-content\" href=\"https:\/\/jumplyscaffolding.com\/wp-content\/uploads\/2024\/06\/ringlock-base-collar-scaled.jpg\" data-elementor-open-lightbox=\"yes\" data-elementor-lightbox-slideshow=\"6f7f6c3\" data-elementor-lightbox-title=\"ringlock base collar\" data-e-action-hash=\"#elementor-action%3Aaction%3Dlightbox%26settings%3DeyJpZCI6NzA3MCwidXJsIjoiaHR0cHM6XC9cL2p1bXBseXNjYWZmb2xkaW5nLmNvbVwvd3AtY29udGVudFwvdXBsb2Fkc1wvMjAyNFwvMDZcL3Jpbmdsb2NrLWJhc2UtY29sbGFyLXNjYWxlZC5qcGciLCJzbGlkZXNob3ciOiI2ZjdmNmMzIn0%3D\">\n\t\t\t\t\t<div class=\"e-gallery-image elementor-gallery-item__image\" data-thumbnail=\"https:\/\/jumplyscaffolding.com\/wp-content\/uploads\/2024\/06\/ringlock-base-collar-300x200.jpg\" data-width=\"300\" data-height=\"200\" aria-label=\"ringlock base collar\" role=\"img\" ><\/div>\n\t\t\t\t\t\t\t\t\t\t\t<div class=\"elementor-gallery-item__overlay\"><\/div>\n\t\t\t\t\t\t\t\t\t\t\t\t\t\t<\/a>\n\t\t\t\t\t\t\t<a class=\"e-gallery-item elementor-gallery-item elementor-animated-content\" href=\"https:\/\/jumplyscaffolding.com\/wp-content\/uploads\/2024\/06\/base-collar-sits-upon-Base-Jack.jpg\" data-elementor-open-lightbox=\"yes\" data-elementor-lightbox-slideshow=\"6f7f6c3\" data-elementor-lightbox-title=\"base collar sits upon Base Jack\" data-e-action-hash=\"#elementor-action%3Aaction%3Dlightbox%26settings%3DeyJpZCI6NzA2OSwidXJsIjoiaHR0cHM6XC9cL2p1bXBseXNjYWZmb2xkaW5nLmNvbVwvd3AtY29udGVudFwvdXBsb2Fkc1wvMjAyNFwvMDZcL2Jhc2UtY29sbGFyLXNpdHMtdXBvbi1CYXNlLUphY2suanBnIiwic2xpZGVzaG93IjoiNmY3ZjZjMyJ9\">\n\t\t\t\t\t<div class=\"e-gallery-image elementor-gallery-item__image\" data-thumbnail=\"https:\/\/jumplyscaffolding.com\/wp-content\/uploads\/2024\/06\/base-collar-sits-upon-Base-Jack-292x300.jpg\" data-width=\"292\" data-height=\"300\" aria-label=\"base collar sits upon base jack\" role=\"img\" ><\/div>\n\t\t\t\t\t\t\t\t\t\t\t<div class=\"elementor-gallery-item__overlay\"><\/div>\n\t\t\t\t\t\t\t\t\t\t\t\t\t\t<\/a>\n\t\t\t\t\t<\/div>\n\t\t\t\t\t<\/div>\n\t\t\t\t<\/div>\n\t\t\t\t\t<\/div>\n\t\t<\/div>\n\t\t\t\t\t<\/div>\n\t\t<\/section>\n\t\t\t\t<section class=\"elementor-section elementor-top-section elementor-element elementor-element-ef51490 elementor-section-boxed elementor-section-height-default elementor-section-height-default\" data-id=\"ef51490\" data-element_type=\"section\" data-e-type=\"section\">\n\t\t\t\t\t\t<div class=\"elementor-container elementor-column-gap-default\">\n\t\t\t\t\t<div class=\"elementor-column elementor-col-100 elementor-top-column elementor-element elementor-element-d19b32b\" data-id=\"d19b32b\" data-element_type=\"column\" data-e-type=\"column\">\n\t\t\t<div class=\"elementor-widget-wrap elementor-element-populated\">\n\t\t\t\t\t\t<div class=\"elementor-element elementor-element-b4d591a elementor-widget elementor-widget-heading\" data-id=\"b4d591a\" data-element_type=\"widget\" data-e-type=\"widget\" data-widget_type=\"heading.default\">\n\t\t\t\t<div class=\"elementor-widget-container\">\n\t\t\t\t\t<h2 class=\"elementor-heading-title elementor-size-default\">Base Collar (Scaffolding Starter) Details (Size &amp; Weight)<\/h2>\t\t\t\t<\/div>\n\t\t\t\t<\/div>\n\t\t\t\t<div class=\"elementor-element elementor-element-255b1e7 elementor-widget elementor-widget-text-editor\" data-id=\"255b1e7\" data-element_type=\"widget\" data-e-type=\"widget\" data-widget_type=\"text-editor.default\">\n\t\t\t\t<div class=\"elementor-widget-container\">\n\t\t\t\t\t\t\t\t\t<p>Tama\u00f1o del tubo: 48,3 \u00d7 3,2 mm y 57 \u00d7 2,5 mm. Tratamiento superficial: galvanizado en caliente<\/p><table width=\"1135\"><tbody><tr><td width=\"184\">C\u00f3digo<\/td><td width=\"258\">Items<\/td><td width=\"291\">Size &amp; Specifications<\/td><td width=\"223\">Peso<\/td><td width=\"179\">Superficie<\/td><\/tr><tr><td width=\"184\">JP23<\/td><td width=\"258\">230mm\u00a0Base\u00a0Collar<\/td><td width=\"291\">OD48.3&amp; OD57mm, S355 Steel<\/td><td width=\"223\">1.46KG<\/td><td width=\"179\">HDG<\/td><\/tr><tr><td width=\"184\">JP24<\/td><td width=\"258\">240mm\u00a0Base\u00a0Collar<\/td><td width=\"291\">OD48.3&amp; OD57mm, S355 Steel<\/td><td width=\"223\">1.50KG<\/td><td width=\"179\">HDG<\/td><\/tr><tr><td width=\"184\">JP28<\/td><td width=\"258\">280mm\u00a0Base\u00a0Collar<\/td><td width=\"291\">OD48.3&amp; OD57mm, S355 Steel<\/td><td width=\"223\">1.66KG<\/td><td width=\"179\">HDG<\/td><\/tr><tr><td width=\"184\">JP29<\/td><td width=\"258\">298mm\u00a0Base\u00a0Collar<\/td><td width=\"291\">OD48.3&amp; OD57mm, S355 Steel<\/td><td width=\"223\">1.76KG<\/td><td width=\"179\">HDG<\/td><\/tr><tr><td width=\"184\">JP30<\/td><td width=\"258\">300mm\u00a0Base\u00a0Collar<\/td><td width=\"291\">OD48.3&amp; OD57mm, S355 Steel<\/td><td width=\"223\">1.77KG<\/td><td width=\"179\">HDG<\/td><\/tr><tr><td width=\"184\">JP31<\/td><td width=\"258\">309.5mm\u00a0Base\u00a0Collar<\/td><td width=\"291\">OD48.3&amp; OD57mm, S355 Steel<\/td><td width=\"223\">1.79KG<\/td><td width=\"179\">HDG<\/td><\/tr><tr><td width=\"184\">JP33<\/td><td width=\"258\">330mm\u00a0Base\u00a0Collar<\/td><td width=\"291\">OD48.3&amp; OD57mm, S355 Steel<\/td><td width=\"223\">1.88KG<\/td><td width=\"179\">HDG<\/td><\/tr><tr><td width=\"184\">JP44<\/td><td width=\"258\">440mm\u00a0Base\u00a0Collar<\/td><td width=\"291\">OD48.3&amp; OD57mm, S355 Steel<\/td><td width=\"223\">2.36kG<\/td><td width=\"179\">HDG<\/td><\/tr><\/tbody><\/table>\t\t\t\t\t\t\t\t<\/div>\n\t\t\t\t<\/div>\n\t\t\t\t\t<\/div>\n\t\t<\/div>\n\t\t\t\t\t<\/div>\n\t\t<\/section>\n\t\t\t\t<section class=\"elementor-section elementor-top-section elementor-element elementor-element-de553dd elementor-section-boxed elementor-section-height-default elementor-section-height-default\" data-id=\"de553dd\" data-element_type=\"section\" data-e-type=\"section\">\n\t\t\t\t\t\t<div class=\"elementor-container elementor-column-gap-default\">\n\t\t\t\t\t<div class=\"elementor-column elementor-col-100 elementor-top-column elementor-element elementor-element-9519423\" data-id=\"9519423\" data-element_type=\"column\" data-e-type=\"column\">\n\t\t\t<div class=\"elementor-widget-wrap elementor-element-populated\">\n\t\t\t\t\t\t<div class=\"elementor-element elementor-element-7c7842e elementor-widget elementor-widget-heading\" data-id=\"7c7842e\" data-element_type=\"widget\" data-e-type=\"widget\" data-widget_type=\"heading.default\">\n\t\t\t\t<div class=\"elementor-widget-container\">\n\t\t\t\t\t<h2 class=\"elementor-heading-title elementor-size-default\">Why choose our scaffolding\uff1f<\/h2>\t\t\t\t<\/div>\n\t\t\t\t<\/div>\n\t\t\t\t<div class=\"elementor-element elementor-element-7d92366 elementor-tabs-view-horizontal elementor-widget elementor-widget-global elementor-global-3474 elementor-widget-tabs\" data-id=\"7d92366\" data-element_type=\"widget\" data-e-type=\"widget\" data-widget_type=\"tabs.default\">\n\t\t\t\t<div class=\"elementor-widget-container\">\n\t\t\t\t\t\t\t<div class=\"elementor-tabs\">\n\t\t\t<div class=\"elementor-tabs-wrapper\" role=\"tablist\" >\n\t\t\t\t\t\t\t\t\t<div id=\"elementor-tab-title-1311\" class=\"elementor-tab-title elementor-tab-desktop-title\" aria-selected=\"true\" data-tab=\"1\" role=\"tab\" tabindex=\"0\" aria-controls=\"elementor-tab-content-1311\" aria-expanded=\"false\">Certificaci\u00f3n<\/div>\n\t\t\t\t\t\t\t\t\t<div id=\"elementor-tab-title-1312\" class=\"elementor-tab-title elementor-tab-desktop-title\" aria-selected=\"false\" data-tab=\"2\" role=\"tab\" tabindex=\"-1\" aria-controls=\"elementor-tab-content-1312\" aria-expanded=\"false\">Embalaje<\/div>\n\t\t\t\t\t\t\t\t\t<div id=\"elementor-tab-title-1313\" class=\"elementor-tab-title elementor-tab-desktop-title\" aria-selected=\"false\" data-tab=\"3\" role=\"tab\" tabindex=\"-1\" aria-controls=\"elementor-tab-content-1313\" aria-expanded=\"false\">Proyectos<\/div>\n\t\t\t\t\t\t\t<\/div>\n\t\t\t<div class=\"elementor-tabs-content-wrapper\" role=\"tablist\" aria-orientation=\"vertical\">\n\t\t\t\t\t\t\t\t\t<div class=\"elementor-tab-title elementor-tab-mobile-title\" aria-selected=\"true\" data-tab=\"1\" role=\"tab\" tabindex=\"0\" aria-controls=\"elementor-tab-content-1311\" aria-expanded=\"false\">Certificaci\u00f3n<\/div>\n\t\t\t\t\t<div id=\"elementor-tab-content-1311\" class=\"elementor-tab-content elementor-clearfix\" data-tab=\"1\" role=\"tabpanel\" aria-labelledby=\"elementor-tab-title-1311\" tabindex=\"0\" hidden=\"false\"><p>Our commitment to quality, safety, and cost efficiency sets us apart in the industry. As dedicated partners, we support clients of all sizes worldwide. Whether you need a reliable aluminum ringlock ledger or other scaffolding solutions, we are here to meet your needs with unparalleled expertise and dedication.<\/p><p>Our aluminum ringlock scaffolding systems are not only lightweight and durable but also adhere to the highest safety standards. These features make them the ideal choice for a wide range of construction and industrial projects. We are consistently dedicated to providing top-quality products and services, ensuring your projects proceed smoothly and cost-effectively.<\/p><p><img decoding=\"async\" class=\"wp-image-3429 size-full aligncenter\" src=\"https:\/\/xlt.ehs.mybluehost.me\/jumplyscaffolding\/wp-content\/uploads\/2021\/08\/Certificate.png\" alt=\"Certificado\" width=\"558\" height=\"453\" srcset=\"https:\/\/jumplyscaffolding.com\/wp-content\/uploads\/2021\/08\/Certificate.png 558w, https:\/\/jumplyscaffolding.com\/wp-content\/uploads\/2021\/08\/Certificate-300x244.png 300w\" sizes=\"(max-width: 558px) 100vw, 558px\" \/> <img decoding=\"async\" class=\"aligncenter wp-image-3430 size-full\" src=\"https:\/\/xlt.ehs.mybluehost.me\/jumplyscaffolding\/wp-content\/uploads\/2021\/08\/Jumply-Certificate.png\" alt=\"Certificado Jumply\" width=\"557\" height=\"226\" srcset=\"https:\/\/jumplyscaffolding.com\/wp-content\/uploads\/2021\/08\/Jumply-Certificate.png 557w, https:\/\/jumplyscaffolding.com\/wp-content\/uploads\/2021\/08\/Jumply-Certificate-300x122.png 300w\" sizes=\"(max-width: 557px) 100vw, 557px\" \/><\/p><\/div>\n\t\t\t\t\t\t\t\t\t<div class=\"elementor-tab-title elementor-tab-mobile-title\" aria-selected=\"false\" data-tab=\"2\" role=\"tab\" tabindex=\"-1\" aria-controls=\"elementor-tab-content-1312\" aria-expanded=\"false\">Embalaje<\/div>\n\t\t\t\t\t<div id=\"elementor-tab-content-1312\" class=\"elementor-tab-content elementor-clearfix\" data-tab=\"2\" role=\"tabpanel\" aria-labelledby=\"elementor-tab-title-1312\" tabindex=\"0\" hidden=\"hidden\"><p>Jumply Scaffolding brings extensive experience and state-of-the-art automated equipment to deliver customized scaffolding solutions, including ringlock ledger systems, tailored to meet diverse requirements.<\/p>\n<p>&nbsp; &nbsp; &nbsp; &nbsp; &nbsp; &nbsp; &nbsp; &nbsp; &nbsp; &nbsp; &nbsp; &nbsp; &nbsp; &nbsp; &nbsp; &nbsp; &nbsp;<img loading=\"lazy\" decoding=\"async\" src=\"https:\/\/xlt.ehs.mybluehost.me\/jumplyscaffolding\/wp-content\/uploads\/2021\/08\/Jumply-Packing.png\" alt=\"\" width=\"540\" height=\"512\"><\/p><\/div>\n\t\t\t\t\t\t\t\t\t<div class=\"elementor-tab-title elementor-tab-mobile-title\" aria-selected=\"false\" data-tab=\"3\" role=\"tab\" tabindex=\"-1\" aria-controls=\"elementor-tab-content-1313\" aria-expanded=\"false\">Proyectos<\/div>\n\t\t\t\t\t<div id=\"elementor-tab-content-1313\" class=\"elementor-tab-content elementor-clearfix\" data-tab=\"3\" role=\"tabpanel\" aria-labelledby=\"elementor-tab-title-1313\" tabindex=\"0\" hidden=\"hidden\"><p>Jumply stands for safety and quality in scaffolding, showcased through our construction projects. Experience the superior quality of our products, including our ringlock ledger systems, which we continually enhance to meet your needs.<br><\/p>\n<p><img loading=\"lazy\" decoding=\"async\" class=\"alignnone size-full wp-image-4724\" src=\"https:\/\/xlt.ehs.mybluehost.me\/jumplyscaffolding\/wp-content\/uploads\/2021\/10\/Jumply-projects.png\" alt=\"Proyectos Jumply\" width=\"1114\" height=\"640\" srcset=\"https:\/\/jumplyscaffolding.com\/wp-content\/uploads\/2021\/10\/Jumply-projects.png 1114w, https:\/\/jumplyscaffolding.com\/wp-content\/uploads\/2021\/10\/Jumply-projects-300x172.png 300w, https:\/\/jumplyscaffolding.com\/wp-content\/uploads\/2021\/10\/Jumply-projects-1030x592.png 1030w, https:\/\/jumplyscaffolding.com\/wp-content\/uploads\/2021\/10\/Jumply-projects-768x441.png 768w, https:\/\/jumplyscaffolding.com\/wp-content\/uploads\/2021\/10\/Jumply-projects-18x10.png 18w\" sizes=\"(max-width: 1114px) 100vw, 1114px\" \/><\/p><\/div>\n\t\t\t\t\t\t\t<\/div>\n\t\t<\/div>\n\t\t\t\t\t\t<\/div>\n\t\t\t\t<\/div>\n\t\t\t\t\t<\/div>\n\t\t<\/div>\n\t\t\t\t\t<\/div>\n\t\t<\/section>\n\t\t\t\t<\/div>","protected":false},"excerpt":{"rendered":"<p>Ringlock Base Collar The ringlock base collar, also known as the starter base collar or starter collar, is a crucial component of the ringlock scaffolding system.\u00a0 The ringlock base collar is essential for ensuring the stability and safety of a ringlock scaffolding structure, offering a solid foundation that allows modular components to align correctly. Get [&hellip;]<\/p>\n","protected":false},"author":1,"featured_media":0,"parent":0,"menu_order":0,"comment_status":"closed","ping_status":"closed","template":"","meta":{"_seopress_robots_primary_cat":"","_seopress_titles_title":"Ringlock Scaffolding System: Base Collar & Starter Components | High-Quality Scaffolding","_seopress_titles_desc":"Discover the essential base collar and starter components of the Ringlock Scaffolding System. Ensure stability and safety with our high-quality, durable scaffolding products. Perfect for all your construction needs.","_seopress_robots_index":"","site-sidebar-layout":"no-sidebar","site-content-layout":"page-builder","ast-site-content-layout":"default","site-content-style":"default","site-sidebar-style":"default","ast-global-header-display":"","ast-banner-title-visibility":"","ast-main-header-display":"","ast-hfb-above-header-display":"","ast-hfb-below-header-display":"","ast-hfb-mobile-header-display":"","site-post-title":"disabled","ast-breadcrumbs-content":"","ast-featured-img":"disabled","footer-sml-layout":"","ast-disable-related-posts":"","theme-transparent-header-meta":"","adv-header-id-meta":"","stick-header-meta":"","header-above-stick-meta":"","header-main-stick-meta":"","header-below-stick-meta":"","astra-migrate-meta-layouts":"default","ast-page-background-enabled":"default","ast-page-background-meta":{"desktop":{"background-color":"","background-image":"","background-repeat":"repeat","background-position":"center center","background-size":"auto","background-attachment":"scroll","background-type":"","background-media":"","overlay-type":"","overlay-color":"","overlay-opacity":"","overlay-gradient":""},"tablet":{"background-color":"","background-image":"","background-repeat":"repeat","background-position":"center center","background-size":"auto","background-attachment":"scroll","background-type":"","background-media":"","overlay-type":"","overlay-color":"","overlay-opacity":"","overlay-gradient":""},"mobile":{"background-color":"","background-image":"","background-repeat":"repeat","background-position":"center center","background-size":"auto","background-attachment":"scroll","background-type":"","background-media":"","overlay-type":"","overlay-color":"","overlay-opacity":"","overlay-gradient":""}},"ast-content-background-meta":{"desktop":{"background-color":"var(--ast-global-color-5)","background-image":"","background-repeat":"repeat","background-position":"center center","background-size":"auto","background-attachment":"scroll","background-type":"","background-media":"","overlay-type":"","overlay-color":"","overlay-opacity":"","overlay-gradient":""},"tablet":{"background-color":"var(--ast-global-color-5)","background-image":"","background-repeat":"repeat","background-position":"center center","background-size":"auto","background-attachment":"scroll","background-type":"","background-media":"","overlay-type":"","overlay-color":"","overlay-opacity":"","overlay-gradient":""},"mobile":{"background-color":"var(--ast-global-color-5)","background-image":"","background-repeat":"repeat","background-position":"center center","background-size":"auto","background-attachment":"scroll","background-type":"","background-media":"","overlay-type":"","overlay-color":"","overlay-opacity":"","overlay-gradient":""}},"footnotes":""},"class_list":["post-5420","page","type-page","status-publish","hentry"],"_links":{"self":[{"href":"https:\/\/jumplyscaffolding.com\/es\/wp-json\/wp\/v2\/pages\/5420","targetHints":{"allow":["GET"]}}],"collection":[{"href":"https:\/\/jumplyscaffolding.com\/es\/wp-json\/wp\/v2\/pages"}],"about":[{"href":"https:\/\/jumplyscaffolding.com\/es\/wp-json\/wp\/v2\/types\/page"}],"author":[{"embeddable":true,"href":"https:\/\/jumplyscaffolding.com\/es\/wp-json\/wp\/v2\/users\/1"}],"replies":[{"embeddable":true,"href":"https:\/\/jumplyscaffolding.com\/es\/wp-json\/wp\/v2\/comments?post=5420"}],"version-history":[{"count":0,"href":"https:\/\/jumplyscaffolding.com\/es\/wp-json\/wp\/v2\/pages\/5420\/revisions"}],"wp:attachment":[{"href":"https:\/\/jumplyscaffolding.com\/es\/wp-json\/wp\/v2\/media?parent=5420"}],"curies":[{"name":"wp","href":"https:\/\/api.w.org\/{rel}","templated":true}]}}